{"id":27989,"date":"2026-01-12T12:09:20","date_gmt":"2026-01-12T17:09:20","guid":{"rendered":"https:\/\/www.nivii.com\/entente-site-web-gratuit\/"},"modified":"2026-01-12T12:25:19","modified_gmt":"2026-01-12T17:25:19","slug":"free-website-terms-of-use","status":"publish","type":"page","link":"https:\/\/www.nivii.com\/en\/free-website-terms-of-use\/","title":{"rendered":"Free Website Terms of use!"},"content":{"rendered":"<p>[et_pb_section fb_built=&#8221;1&#8243; fullwidth=&#8221;on&#8221; admin_label=&#8221;Section&#8221; module_id=&#8221;BannerInner&#8221; _builder_version=&#8221;4.16&#8243; locked=&#8221;off&#8221; global_colors_info=&#8221;{}&#8221;][et_pb_fullwidth_slider _builder_version=&#8221;4.16&#8243; global_colors_info=&#8221;{}&#8221;][et_pb_slide admin_title=&#8221;agence web &#8221; _builder_version=&#8221;4.16&#8243; header_level=&#8221;h1&#8243; header_font=&#8221;|700|||||||&#8221; header_text_align=&#8221;center&#8221; header_text_color=&#8221;#ffffff&#8221; header_font_size=&#8221;75px&#8221; background_enable_color=&#8221;off&#8221; background_image=&#8221;https:\/\/www.nivii.com\/wp-content\/uploads\/2019\/09\/conception-site-web-1-mobile.jpg&#8221; background_enable_image=&#8221;on&#8221; background_last_edited=&#8221;on|phone&#8221; background_image_tablet=&#8221;https:\/\/www.nivii.com\/wp-content\/uploads\/2019\/10\/banniere-a-propos.jpg&#8221; background_enable_image_tablet=&#8221;on&#8221; global_colors_info=&#8221;{}&#8221; sticky_transition=&#8221;on&#8221;][\/et_pb_slide][\/et_pb_fullwidth_slider][\/et_pb_section][et_pb_section fb_built=&#8221;1&#8243; _builder_version=&#8221;4.16&#8243; custom_css_main_element=&#8221;display: flex;||flex-direction: column;||justify-content: center;&#8221; global_colors_info=&#8221;{}&#8221;][et_pb_row _builder_version=&#8221;4.16&#8243; background_size=&#8221;initial&#8221; background_position=&#8221;top_left&#8221; background_repeat=&#8221;repeat&#8221; global_colors_info=&#8221;{}&#8221;][et_pb_column type=&#8221;4_4&#8243; _builder_version=&#8221;4.16&#8243; custom_padding=&#8221;|||&#8221; global_colors_info=&#8221;{}&#8221; custom_padding__hover=&#8221;|||&#8221;][et_pb_text _builder_version=&#8221;4.27.5&#8243; header_font_size=&#8221;40px&#8221; header_3_font_size=&#8221;20px&#8221; hover_enabled=&#8221;0&#8243; custom_css_main_element=&#8221;font-weight:400;&#8221; global_colors_info=&#8221;{}&#8221; sticky_enabled=&#8221;0&#8243;]<\/p>\n<h1>Terms of Use for the Nivii Free Website Service<\/h1>\n<h3>Our Offer<\/h3>\n<ul>\n<li>Design and creation of a functional three (3) page website<\/li>\n<li>Custom domain name<\/li>\n<li>Website hosting (max. 5 GB)<\/li>\n<\/ul>\n<h3>Your Obligations<\/h3>\n<ul>\n<li>Provide final texts ready for publication<\/li>\n<li>Provide logos, photos, and\/or drawings that are royalty-free or belong to you<\/li>\n<li>Three (3) year subscription to hosting ($395\/year) or ($40\/month) through preauthorized credit card payments<\/li>\n<\/ul>\n<h3>Terms and Conditions<\/h3>\n<ul>\n<li>The website is non-transferable and cannot be copied before the 3-year period expires<\/li>\n<li>Any failure to pay will result in the immediate closure of the site<\/li>\n<li>All rights remain with Nivii until the expiration of the 3-year period<\/li>\n<li>A minimum transfer fee of $200 is payable after the initial period<\/li>\n<li>The host reserves the right to suspend without notice any site that may cause problems for the systems or be misused by the customer.<\/li>\n<li>This offer is for a very limited time, reserved for new customers, and may be withdrawn at any time.<\/li>\n<\/ul>\n<p>Date of update: January 12, 2026<\/p>\n<p>[\/et_pb_text][\/et_pb_column][\/et_pb_row][\/et_pb_section]<\/p>\n","protected":false},"excerpt":{"rendered":"<p>Terms of Use for the Nivii Free Website Service Our Offer Design and creation of a functional three (3) page website Custom domain name Website hosting (max. 5 GB) Your Obligations Provide final texts ready for publication Provide logos, photos, and\/or drawings that are royalty-free or belong to you Three (3) year subscription to hosting [&hellip;]<\/p>\n","protected":false},"author":1,"featured_media":0,"parent":0,"menu_order":0,"comment_status":"closed","ping_status":"closed","template":"","meta":{"_et_pb_use_builder":"on","_et_pb_old_content":"<h3>Notre offre<\/h3>\r\n<ul>\r\n \t<li>Conception et r\u00e9alisation d\u2019un site web fonctionnel de trois (3) pages<\/li>\r\n \t<li>Nom de domaine personnalis\u00e9<\/li>\r\n \t<li>H\u00e9bergement du site (max. 5 go)<\/li>\r\n<\/ul>\r\n<h3>Vos obligations<\/h3>\r\n<ul>\r\n \t<li>Fournir textes finaux pr\u00eats \u00e0 publier<\/li>\r\n \t<li>Fournir logos, photos et\/ou dessins, libre de droit ou vous appartenant<\/li>\r\n \t<li>Abonnement de trois (3) ans \u00e0 l\u2019h\u00e9bergement (395$\/an) ou (40$\/mois) par paiements pr\u00e9autoris\u00e9s par carte de cr\u00e9dit<\/li>\r\n<\/ul>\r\n<h3>Conditions<\/h3>\r\n<ul>\r\n \t<li>Le site est non-transf\u00e9rable et ne peut \u00eatre copi\u00e9, avant l\u2019expiration du 3 ans<\/li>\r\n \t<li>Tout d\u00e9faut de paiement entraine la fermeture du site imm\u00e9diatement<\/li>\r\n \t<li>Tous les droits demeurent \u00e0 Nivii jusqu\u2019\u00e0 l\u2019expiration du 3 ans<\/li>\r\n \t<li>Des frais de transfert minimaux de 200 $ exigibles apr\u00e8s la p\u00e9riode initiale<\/li>\r\n \t<li>L\u2019h\u00e9bergeur se r\u00e9serve le droit de suspendre sans pr\u00e9avis un site pouvant causer probl\u00e8mes aux syst\u00e8mes ou utilis\u00e9 \u00e0 mauvais escient par le client.<\/li>\r\n \t<li>La pr\u00e9sente offre est d\u2019une dur\u00e9e tr\u00e8s limit\u00e9e, r\u00e9serv\u00e9e aux nouveaux clients, et peut \u00eatre retir\u00e9e \u00e0 tout moment.<\/li>\r\n<\/ul>","_et_gb_content_width":"","content-type":"","inline_featured_image":false,"footnotes":""},"class_list":["post-27989","page","type-page","status-publish","hentry"],"yoast_head":"<!-- This site is optimized with the Yoast SEO plugin v27.2 - https:\/\/yoast.com\/product\/yoast-seo-wordpress\/ -->\n<title>Free Website Terms of use! - Nivii | Web Marketing Agency<\/title>\n<meta name=\"description\" content=\"Terms of use for the free Nivii website service. Commitment, rights, obligations of the customer, payments, hosting, suspension, and transfer of the website.\" \/>\n<meta name=\"robots\" content=\"index, follow, max-snippet:-1, max-image-preview:large, max-video-preview:-1\" \/>\n<link rel=\"canonical\" href=\"https:\/\/www.nivii.com\/en\/free-website-terms-of-use\/\" \/>\n<meta property=\"og:locale\" content=\"en_US\" \/>\n<meta property=\"og:type\" content=\"article\" \/>\n<meta property=\"og:title\" content=\"Free Website Terms of use! - Nivii | Web Marketing Agency\" \/>\n<meta property=\"og:description\" content=\"Terms of use for the free Nivii website service. Commitment, rights, obligations of the customer, payments, hosting, suspension, and transfer of the website.\" \/>\n<meta property=\"og:url\" content=\"https:\/\/www.nivii.com\/en\/free-website-terms-of-use\/\" \/>\n<meta property=\"og:site_name\" content=\"Nivii | Web Marketing Agency\" \/>\n<meta property=\"article:publisher\" content=\"https:\/\/www.facebook.com\/agencenivii\/\" \/>\n<meta property=\"article:modified_time\" content=\"2026-01-12T17:25:19+00:00\" \/>\n<meta property=\"og:image\" content=\"https:\/\/www.nivii.com\/wp-content\/uploads\/2019\/09\/nivii-agence-web-laval.jpg\" \/>\n\t<meta property=\"og:image:width\" content=\"1200\" \/>\n\t<meta property=\"og:image:height\" content=\"772\" \/>\n\t<meta property=\"og:image:type\" content=\"image\/jpeg\" \/>\n<meta name=\"twitter:card\" content=\"summary_large_image\" \/>\n<meta name=\"twitter:site\" content=\"@NiviiWeb\" \/>\n<meta name=\"twitter:label1\" content=\"Est. reading time\" \/>\n\t<meta name=\"twitter:data1\" content=\"1 minute\" \/>\n<script type=\"application\/ld+json\" class=\"yoast-schema-graph\">{\"@context\":\"https:\/\/schema.org\",\"@graph\":[{\"@type\":\"WebPage\",\"@id\":\"https:\/\/www.nivii.com\/en\/free-website-terms-of-use\/\",\"url\":\"https:\/\/www.nivii.com\/en\/free-website-terms-of-use\/\",\"name\":\"Free Website Terms of use! - Nivii | Web Marketing Agency\",\"isPartOf\":{\"@id\":\"https:\/\/www.nivii.com\/en\/#website\"},\"datePublished\":\"2026-01-12T17:09:20+00:00\",\"dateModified\":\"2026-01-12T17:25:19+00:00\",\"description\":\"Terms of use for the free Nivii website service. Commitment, rights, obligations of the customer, payments, hosting, suspension, and transfer of the website.\",\"breadcrumb\":{\"@id\":\"https:\/\/www.nivii.com\/en\/free-website-terms-of-use\/#breadcrumb\"},\"inLanguage\":\"en-CA\",\"potentialAction\":[{\"@type\":\"ReadAction\",\"target\":[\"https:\/\/www.nivii.com\/en\/free-website-terms-of-use\/\"]}]},{\"@type\":\"BreadcrumbList\",\"@id\":\"https:\/\/www.nivii.com\/en\/free-website-terms-of-use\/#breadcrumb\",\"itemListElement\":[{\"@type\":\"ListItem\",\"position\":1,\"name\":\"Home\",\"item\":\"https:\/\/www.nivii.com\/en\/\"},{\"@type\":\"ListItem\",\"position\":2,\"name\":\"Free Website Terms of use!\"}]},{\"@type\":\"WebSite\",\"@id\":\"https:\/\/www.nivii.com\/en\/#website\",\"url\":\"https:\/\/www.nivii.com\/en\/\",\"name\":\"NIvii | Web Marketing Agency\",\"description\":\"\",\"publisher\":{\"@id\":\"https:\/\/www.nivii.com\/en\/#organization\"},\"potentialAction\":[{\"@type\":\"SearchAction\",\"target\":{\"@type\":\"EntryPoint\",\"urlTemplate\":\"https:\/\/www.nivii.com\/en\/?s={search_term_string}\"},\"query-input\":{\"@type\":\"PropertyValueSpecification\",\"valueRequired\":true,\"valueName\":\"search_term_string\"}}],\"inLanguage\":\"en-CA\"},{\"@type\":\"Organization\",\"@id\":\"https:\/\/www.nivii.com\/en\/#organization\",\"name\":\"Nivii\",\"url\":\"https:\/\/www.nivii.com\/en\/\",\"logo\":{\"@type\":\"ImageObject\",\"inLanguage\":\"en-CA\",\"@id\":\"https:\/\/www.nivii.com\/en\/#\/schema\/logo\/image\/\",\"url\":\"https:\/\/www.nivii.com\/wp-content\/uploads\/2019\/06\/logo-nivii-orange.svg\",\"contentUrl\":\"https:\/\/www.nivii.com\/wp-content\/uploads\/2019\/06\/logo-nivii-orange.svg\",\"width\":1,\"height\":1,\"caption\":\"Nivii\"},\"image\":{\"@id\":\"https:\/\/www.nivii.com\/en\/#\/schema\/logo\/image\/\"},\"sameAs\":[\"https:\/\/www.facebook.com\/agencenivii\/\",\"https:\/\/x.com\/NiviiWeb\",\"https:\/\/www.instagram.com\/nivii.agence\/\",\"https:\/\/www.linkedin.com\/company\/10011740\"]}]}<\/script>\n<!-- \/ Yoast SEO plugin. -->","yoast_head_json":{"title":"Free Website Terms of use! - Nivii | Web Marketing Agency","description":"Terms of use for the free Nivii website service. Commitment, rights, obligations of the customer, payments, hosting, suspension, and transfer of the website.","robots":{"index":"index","follow":"follow","max-snippet":"max-snippet:-1","max-image-preview":"max-image-preview:large","max-video-preview":"max-video-preview:-1"},"canonical":"https:\/\/www.nivii.com\/en\/free-website-terms-of-use\/","og_locale":"en_US","og_type":"article","og_title":"Free Website Terms of use! - Nivii | Web Marketing Agency","og_description":"Terms of use for the free Nivii website service. Commitment, rights, obligations of the customer, payments, hosting, suspension, and transfer of the website.","og_url":"https:\/\/www.nivii.com\/en\/free-website-terms-of-use\/","og_site_name":"Nivii | Web Marketing Agency","article_publisher":"https:\/\/www.facebook.com\/agencenivii\/","article_modified_time":"2026-01-12T17:25:19+00:00","og_image":[{"width":1200,"height":772,"url":"https:\/\/www.nivii.com\/wp-content\/uploads\/2019\/09\/nivii-agence-web-laval.jpg","type":"image\/jpeg"}],"twitter_card":"summary_large_image","twitter_site":"@NiviiWeb","twitter_misc":{"Est. reading time":"1 minute"},"schema":{"@context":"https:\/\/schema.org","@graph":[{"@type":"WebPage","@id":"https:\/\/www.nivii.com\/en\/free-website-terms-of-use\/","url":"https:\/\/www.nivii.com\/en\/free-website-terms-of-use\/","name":"Free Website Terms of use! - Nivii | Web Marketing Agency","isPartOf":{"@id":"https:\/\/www.nivii.com\/en\/#website"},"datePublished":"2026-01-12T17:09:20+00:00","dateModified":"2026-01-12T17:25:19+00:00","description":"Terms of use for the free Nivii website service. Commitment, rights, obligations of the customer, payments, hosting, suspension, and transfer of the website.","breadcrumb":{"@id":"https:\/\/www.nivii.com\/en\/free-website-terms-of-use\/#breadcrumb"},"inLanguage":"en-CA","potentialAction":[{"@type":"ReadAction","target":["https:\/\/www.nivii.com\/en\/free-website-terms-of-use\/"]}]},{"@type":"BreadcrumbList","@id":"https:\/\/www.nivii.com\/en\/free-website-terms-of-use\/#breadcrumb","itemListElement":[{"@type":"ListItem","position":1,"name":"Home","item":"https:\/\/www.nivii.com\/en\/"},{"@type":"ListItem","position":2,"name":"Free Website Terms of use!"}]},{"@type":"WebSite","@id":"https:\/\/www.nivii.com\/en\/#website","url":"https:\/\/www.nivii.com\/en\/","name":"NIvii | Web Marketing Agency","description":"","publisher":{"@id":"https:\/\/www.nivii.com\/en\/#organization"},"potentialAction":[{"@type":"SearchAction","target":{"@type":"EntryPoint","urlTemplate":"https:\/\/www.nivii.com\/en\/?s={search_term_string}"},"query-input":{"@type":"PropertyValueSpecification","valueRequired":true,"valueName":"search_term_string"}}],"inLanguage":"en-CA"},{"@type":"Organization","@id":"https:\/\/www.nivii.com\/en\/#organization","name":"Nivii","url":"https:\/\/www.nivii.com\/en\/","logo":{"@type":"ImageObject","inLanguage":"en-CA","@id":"https:\/\/www.nivii.com\/en\/#\/schema\/logo\/image\/","url":"https:\/\/www.nivii.com\/wp-content\/uploads\/2019\/06\/logo-nivii-orange.svg","contentUrl":"https:\/\/www.nivii.com\/wp-content\/uploads\/2019\/06\/logo-nivii-orange.svg","width":1,"height":1,"caption":"Nivii"},"image":{"@id":"https:\/\/www.nivii.com\/en\/#\/schema\/logo\/image\/"},"sameAs":["https:\/\/www.facebook.com\/agencenivii\/","https:\/\/x.com\/NiviiWeb","https:\/\/www.instagram.com\/nivii.agence\/","https:\/\/www.linkedin.com\/company\/10011740"]}]}},"_links":{"self":[{"href":"https:\/\/www.nivii.com\/en\/wp-json\/wp\/v2\/pages\/27989","targetHints":{"allow":["GET"]}}],"collection":[{"href":"https:\/\/www.nivii.com\/en\/wp-json\/wp\/v2\/pages"}],"about":[{"href":"https:\/\/www.nivii.com\/en\/wp-json\/wp\/v2\/types\/page"}],"author":[{"embeddable":true,"href":"https:\/\/www.nivii.com\/en\/wp-json\/wp\/v2\/users\/1"}],"replies":[{"embeddable":true,"href":"https:\/\/www.nivii.com\/en\/wp-json\/wp\/v2\/comments?post=27989"}],"version-history":[{"count":3,"href":"https:\/\/www.nivii.com\/en\/wp-json\/wp\/v2\/pages\/27989\/revisions"}],"predecessor-version":[{"id":27994,"href":"https:\/\/www.nivii.com\/en\/wp-json\/wp\/v2\/pages\/27989\/revisions\/27994"}],"wp:attachment":[{"href":"https:\/\/www.nivii.com\/en\/wp-json\/wp\/v2\/media?parent=27989"}],"curies":[{"name":"wp","href":"https:\/\/api.w.org\/{rel}","templated":true}]}}